{"id":27,"date":"2016-11-18T16:48:36","date_gmt":"2016-11-18T16:48:36","guid":{"rendered":"https:\/\/vesparia-muenchen.de\/?page_id=27"},"modified":"2025-01-10T13:28:21","modified_gmt":"2025-01-10T13:28:21","slug":"uber-uns","status":"publish","type":"page","link":"https:\/\/vesparia-muenchen.de\/?page_id=27","title":{"rendered":"\u00dcber uns"},"content":{"rendered":"<div   class='hr hr-default   avia-builder-el-0  el_before_av_textblock  avia-builder-el-first '><span class='hr-inner ' ><span class='hr-inner-style'><\/span><\/span><\/div>\n<section class=\"av_textblock_section \"  itemscope=\"itemscope\" itemtype=\"https:\/\/schema.org\/CreativeWork\" ><div class='avia_textblock  '   itemprop=\"text\" ><h4 style=\"text-align: center;\">Unser Standort<\/h4>\n<\/div><\/section>\n<div class=\"flex_column av_one_third  flex_column_div av-zero-column-padding first  avia-builder-el-2  el_after_av_textblock  el_before_av_one_third  column-top-margin\" style='border-radius:0px; '><div  class='avia-image-container  av-styling-    avia-builder-el-3  avia-builder-el-no-sibling  avia-align-center '  itemprop=\"image\" itemscope=\"itemscope\" itemtype=\"https:\/\/schema.org\/ImageObject\"  ><div class='avia-image-container-inner'><div class='avia-image-overlay-wrap'><img decoding=\"async\" class='wp-image-1130 avia-img-lazy-loading-not-1130 avia_image' src=\"https:\/\/vesparia-muenchen.de\/wp-content\/uploads\/Bildaussen-1-scaled-e1736514294651-495x400.jpg\" alt='' title='Bildaussen' height=\"400\" width=\"495\"  itemprop=\"thumbnailUrl\" srcset=\"https:\/\/vesparia-muenchen.de\/wp-content\/uploads\/Bildaussen-1-scaled-e1736514294651-495x400.jpg 495w, https:\/\/vesparia-muenchen.de\/wp-content\/uploads\/Bildaussen-1-scaled-e1736514294651-845x684.jpg 845w\" sizes=\"(max-width: 495px) 100vw, 495px\" \/><\/div><\/div><\/div><\/div><div class=\"flex_column av_one_third  flex_column_div av-zero-column-padding   avia-builder-el-4  el_after_av_one_third  el_before_av_one_third  column-top-margin\" style='border-radius:0px; '><div  class='avia-image-container  av-styling-    avia-builder-el-5  avia-builder-el-no-sibling  avia-align-center '  itemprop=\"image\" itemscope=\"itemscope\" itemtype=\"https:\/\/schema.org\/ImageObject\"  ><div class='avia-image-container-inner'><div class='avia-image-overlay-wrap'><img decoding=\"async\" class='wp-image-1395 avia-img-lazy-loading-not-1395 avia_image' src=\"https:\/\/vesparia-muenchen.de\/wp-content\/uploads\/IMG_4194-1-495x400.jpg\" alt='' title='IMG_4194' height=\"400\" width=\"495\"  itemprop=\"thumbnailUrl\" srcset=\"https:\/\/vesparia-muenchen.de\/wp-content\/uploads\/IMG_4194-1-495x400.jpg 495w, https:\/\/vesparia-muenchen.de\/wp-content\/uploads\/IMG_4194-1-845x684.jpg 845w\" sizes=\"(max-width: 495px) 100vw, 495px\" \/><\/div><\/div><\/div><\/div><div class=\"flex_column av_one_third  flex_column_div av-zero-column-padding   avia-builder-el-6  el_after_av_one_third  el_before_av_hr  column-top-margin\" style='border-radius:0px; '><div  class='avia-image-container  av-styling-    avia-builder-el-7  avia-builder-el-no-sibling  avia-align-center '  itemprop=\"image\" itemscope=\"itemscope\" itemtype=\"https:\/\/schema.org\/ImageObject\"  ><div class='avia-image-container-inner'><div class='avia-image-overlay-wrap'><img decoding=\"async\" class='wp-image-1311 avia-img-lazy-loading-not-1311 avia_image' src=\"https:\/\/vesparia-muenchen.de\/wp-content\/uploads\/IMG_2663-495x400.jpg\" alt='' title='IMG_2663' height=\"400\" width=\"495\"  itemprop=\"thumbnailUrl\" srcset=\"https:\/\/vesparia-muenchen.de\/wp-content\/uploads\/IMG_2663-495x400.jpg 495w, https:\/\/vesparia-muenchen.de\/wp-content\/uploads\/IMG_2663-845x684.jpg 845w\" sizes=\"(max-width: 495px) 100vw, 495px\" \/><\/div><\/div><\/div><\/div><div   class='hr hr-default   avia-builder-el-8  el_after_av_one_third  el_before_av_textblock '><span class='hr-inner ' ><span class='hr-inner-style'><\/span><\/span><\/div><\/p>\n<section class=\"av_textblock_section \"  itemscope=\"itemscope\" itemtype=\"https:\/\/schema.org\/CreativeWork\" ><div class='avia_textblock  '   itemprop=\"text\" ><h4 style=\"text-align: center;\">Das Team<\/h4>\n<\/div><\/section>\n<div class=\"flex_column av_one_fifth  flex_column_div av-zero-column-padding first  avia-builder-el-10  el_after_av_textblock  el_before_av_one_fifth  column-top-margin\" style='border-radius:0px; '><p><div  class='avia-image-container  av-styling- av-hover-grow   avia-builder-el-11  el_before_av_textblock  avia-builder-el-first  avia-align-center '  itemprop=\"image\" itemscope=\"itemscope\" itemtype=\"https:\/\/schema.org\/ImageObject\"  ><div class='avia-image-container-inner'><div class='avia-image-overlay-wrap'><img decoding=\"async\" class='wp-image-1056 avia-img-lazy-loading-not-1056 avia_image' src=\"https:\/\/vesparia-muenchen.de\/wp-content\/uploads\/Alex-180x180.jpg\" alt='' title='Alex' height=\"180\" width=\"180\"  itemprop=\"thumbnailUrl\" srcset=\"https:\/\/vesparia-muenchen.de\/wp-content\/uploads\/Alex-180x180.jpg 180w, https:\/\/vesparia-muenchen.de\/wp-content\/uploads\/Alex-150x150.jpg 150w, https:\/\/vesparia-muenchen.de\/wp-content\/uploads\/Alex-36x36.jpg 36w\" sizes=\"(max-width: 180px) 100vw, 180px\" \/><\/div><\/div><\/div><br \/>\n<section class=\"av_textblock_section \"  itemscope=\"itemscope\" itemtype=\"https:\/\/schema.org\/CreativeWork\" ><div class='avia_textblock  '   itemprop=\"text\" ><p style=\"text-align: center;\">Alexander Beier<\/p>\n<p style=\"text-align: center;\">Gesch\u00e4ftsleitung\/Werkstatt\/Verkauf<\/p>\n<\/div><\/section><\/p><\/div>\n<div class=\"flex_column av_one_fifth  flex_column_div av-zero-column-padding   avia-builder-el-13  el_after_av_one_fifth  el_before_av_one_fifth  column-top-margin\" style='border-radius:0px; '><p><div  class='avia-image-container  av-styling- av-hover-grow   avia-builder-el-14  el_before_av_textblock  avia-builder-el-first  avia-align-center '  itemprop=\"image\" itemscope=\"itemscope\" itemtype=\"https:\/\/schema.org\/ImageObject\"  ><div class='avia-image-container-inner'><div class='avia-image-overlay-wrap'><img decoding=\"async\" class='wp-image-903 avia-img-lazy-loading-not-903 avia_image' src=\"https:\/\/vesparia-muenchen.de\/wp-content\/uploads\/IMG_20220323_095056-180x180.jpg\" alt='' title='IMG_20220323_095056' height=\"180\" width=\"180\"  itemprop=\"thumbnailUrl\" srcset=\"https:\/\/vesparia-muenchen.de\/wp-content\/uploads\/IMG_20220323_095056-180x180.jpg 180w, https:\/\/vesparia-muenchen.de\/wp-content\/uploads\/IMG_20220323_095056-150x150.jpg 150w, https:\/\/vesparia-muenchen.de\/wp-content\/uploads\/IMG_20220323_095056-36x36.jpg 36w\" sizes=\"(max-width: 180px) 100vw, 180px\" \/><\/div><\/div><\/div><br \/>\n<section class=\"av_textblock_section \"  itemscope=\"itemscope\" itemtype=\"https:\/\/schema.org\/CreativeWork\" ><div class='avia_textblock  '   itemprop=\"text\" ><p style=\"text-align: center;\">Lisa Beier<\/p>\n<p style=\"text-align: center;\">Annahme\/B\u00fcro\/Verkauf<\/p>\n<\/div><\/section><\/p><\/div>\n<div class=\"flex_column av_one_fifth  flex_column_div av-zero-column-padding   avia-builder-el-16  el_after_av_one_fifth  el_before_av_one_fifth  column-top-margin\" style='border-radius:0px; '><p><div  class='avia-image-container  av-styling- av-hover-grow   avia-builder-el-17  el_before_av_textblock  avia-builder-el-first  avia-align-center '  itemprop=\"image\" itemscope=\"itemscope\" itemtype=\"https:\/\/schema.org\/ImageObject\"  ><div class='avia-image-container-inner'><div class='avia-image-overlay-wrap'><img decoding=\"async\" class='wp-image-1060 avia-img-lazy-loading-not-1060 avia_image' src=\"https:\/\/vesparia-muenchen.de\/wp-content\/uploads\/Marek-1-180x180.jpg\" alt='' title='Marek' height=\"180\" width=\"180\"  itemprop=\"thumbnailUrl\" srcset=\"https:\/\/vesparia-muenchen.de\/wp-content\/uploads\/Marek-1-180x180.jpg 180w, https:\/\/vesparia-muenchen.de\/wp-content\/uploads\/Marek-1-150x150.jpg 150w, https:\/\/vesparia-muenchen.de\/wp-content\/uploads\/Marek-1-36x36.jpg 36w\" sizes=\"(max-width: 180px) 100vw, 180px\" \/><\/div><\/div><\/div><br \/>\n<section class=\"av_textblock_section \"  itemscope=\"itemscope\" itemtype=\"https:\/\/schema.org\/CreativeWork\" ><div class='avia_textblock  '   itemprop=\"text\" ><p style=\"text-align: center;\">Marek<\/p>\n<p style=\"text-align: center;\">Annahme\/Werkstatt\/Serviceleitung<\/p>\n<\/div><\/section><\/p><\/div>\n<div class=\"flex_column av_one_fifth  flex_column_div av-zero-column-padding   avia-builder-el-19  el_after_av_one_fifth  el_before_av_one_fifth  column-top-margin\" style='border-radius:0px; '><p><div  class='avia-image-container  av-styling- av-hover-grow   avia-builder-el-20  el_before_av_textblock  avia-builder-el-first  avia-align-center '  itemprop=\"image\" itemscope=\"itemscope\" itemtype=\"https:\/\/schema.org\/ImageObject\"  ><div class='avia-image-container-inner'><div class='avia-image-overlay-wrap'><img decoding=\"async\" class='wp-image-1057 avia-img-lazy-loading-not-1057 avia_image' src=\"https:\/\/vesparia-muenchen.de\/wp-content\/uploads\/Emre-180x180.jpg\" alt='' title='Emre' height=\"180\" width=\"180\"  itemprop=\"thumbnailUrl\" srcset=\"https:\/\/vesparia-muenchen.de\/wp-content\/uploads\/Emre-180x180.jpg 180w, https:\/\/vesparia-muenchen.de\/wp-content\/uploads\/Emre-150x150.jpg 150w, https:\/\/vesparia-muenchen.de\/wp-content\/uploads\/Emre-36x36.jpg 36w\" sizes=\"(max-width: 180px) 100vw, 180px\" \/><\/div><\/div><\/div><br \/>\n<section class=\"av_textblock_section \"  itemscope=\"itemscope\" itemtype=\"https:\/\/schema.org\/CreativeWork\" ><div class='avia_textblock  '   itemprop=\"text\" ><p style=\"text-align: center;\">Emre<\/p>\n<p style=\"text-align: center;\">Werkstatt<\/p>\n<\/div><\/section><\/p><\/div>\n<div class=\"flex_column av_one_fifth  flex_column_div av-zero-column-padding   avia-builder-el-22  el_after_av_one_fifth  el_before_av_hr  column-top-margin\" style='border-radius:0px; '><p><div  class='avia-image-container  av-styling- av-hover-grow   avia-builder-el-23  el_before_av_textblock  avia-builder-el-first  avia-align-center '  itemprop=\"image\" itemscope=\"itemscope\" itemtype=\"https:\/\/schema.org\/ImageObject\"  ><div class='avia-image-container-inner'><div class='avia-image-overlay-wrap'><img decoding=\"async\" class='wp-image-567 avia-img-lazy-loading-not-567 avia_image' src=\"https:\/\/vesparia-muenchen.de\/wp-content\/uploads\/img_173956-180x180.png\" alt='' title='img_173956' height=\"180\" width=\"180\"  itemprop=\"thumbnailUrl\" srcset=\"https:\/\/vesparia-muenchen.de\/wp-content\/uploads\/img_173956-180x180.png 180w, https:\/\/vesparia-muenchen.de\/wp-content\/uploads\/img_173956-150x150.png 150w, https:\/\/vesparia-muenchen.de\/wp-content\/uploads\/img_173956-300x300.png 300w, https:\/\/vesparia-muenchen.de\/wp-content\/uploads\/img_173956-768x765.png 768w, https:\/\/vesparia-muenchen.de\/wp-content\/uploads\/img_173956-36x36.png 36w, https:\/\/vesparia-muenchen.de\/wp-content\/uploads\/img_173956-705x702.png 705w, https:\/\/vesparia-muenchen.de\/wp-content\/uploads\/img_173956-120x120.png 120w, https:\/\/vesparia-muenchen.de\/wp-content\/uploads\/img_173956-450x448.png 450w, https:\/\/vesparia-muenchen.de\/wp-content\/uploads\/img_173956.png 980w\" sizes=\"(max-width: 180px) 100vw, 180px\" \/><\/div><\/div><\/div><br \/>\n<section class=\"av_textblock_section \"  itemscope=\"itemscope\" itemtype=\"https:\/\/schema.org\/CreativeWork\" ><div class='avia_textblock  '   itemprop=\"text\" ><p style=\"text-align: center;\">Bj\u00f6rn<\/p>\n<p style=\"text-align: center;\">Werkstatt<\/p>\n<\/div><\/section><\/p><\/div>\n<div   class='hr hr-default   avia-builder-el-25  el_after_av_one_fifth  el_before_av_textblock '><span class='hr-inner ' ><span class='hr-inner-style'><\/span><\/span><\/div>\n<section class=\"av_textblock_section \"  itemscope=\"itemscope\" itemtype=\"https:\/\/schema.org\/CreativeWork\" ><div class='avia_textblock  '   itemprop=\"text\" ><h4 style=\"text-align: center;\">Die Entstehung<\/h4>\n<\/div><\/section>\n<section class=\"av_textblock_section \"  itemscope=\"itemscope\" itemtype=\"https:\/\/schema.org\/CreativeWork\" ><div class='avia_textblock  '   itemprop=\"text\" ><style>\n.hentry {<br \/>    background-color: #cccccc;<br \/>}<br \/>.single-post-svg {<br \/>    fill: #cccccc !important;<br \/>    position: relative;<br \/>    margin-bottom: -1px;<br \/>}<br \/><\/style>\n<h2 style=\"text-align: center;\"><strong>1957<\/strong><\/h2>\n<p style=\"text-align: center;\">Im Jahr 1957 wurde erstmals das Gesch\u00e4ft &#8222;Fahrrad Klaus&#8220; an der Pasinger Stra\u00dfe 12 in Gr\u00e4felfing er\u00f6ffnet.<br \/>\nDer Besitzer fokussierte sich damals auf den Verkauf und die Reperatur von Fahrr\u00e4dern bis &#8230;<\/p>\n<h2 style=\"text-align: center;\"><strong>1972<\/strong><\/h2>\n<p style=\"text-align: center;\">Richard Schumacher den Laden \u00fcbernahm. Das Gesch\u00e4ft wurde zu &#8222;Zweirad Schumacher&#8220; umbenannt und bot dem Kunden absofort neben dem Service an Fahrr\u00e4dern auch die Reperatur und den Verkauf von Rollern an. Nach einigen Jahren unterschrieb Richard Schumacher den Piaggio Vertrag und durfte ab diesem Zeitpunkt als offizieller Vertragsh\u00e4ndler der Piaggio Group agieren. Herr Schumacher f\u00fchrte bis zuletzt das Gesch\u00e4ft erfolgreich weiter und \u00fcbergab im Jahr &#8230;<\/p>\n<h2 style=\"text-align: center;\"><strong>2003<\/strong><\/h2>\n<p style=\"text-align: center;\">Herrn Andreas Bentenrieder das Gesch\u00e4ft. Herr Bentenrieder folgte der gro\u00dfen Nachfrage und konzentrierte sich nach Gesch\u00e4fts\u00fcbergabe ausschlie\u00dflich auf den Verkauf und Service von Fahrzeugen der Marken Piaggio, Vespa, Derbi und Gilera. Herr Alexander Beier, der jetzige Gesch\u00e4ftsf\u00fchrer, absolvierte bereits im Jahr 2007 mehrere Sch\u00fclerpraktika bei Herrn Bentenrieder und kehrte nach seiner Ausbildung zum Kfz-Mechatroniker als stellvertretender Gesch\u00e4ftsf\u00fchrer zu &#8222;2 Rad Bentenrieder&#8220; zur\u00fcck. Im Jahr &#8230;<\/p>\n<h2 style=\"text-align: center;\"><strong>2016<\/strong><\/h2>\n<p style=\"text-align: center;\">\u00fcbernahm Herr Alexander Beier nach zweij\u00e4hriger Zusammenarbeit den Laden zum 15. Oktober 2016 und taufte ihn &#8222;Vesparia M\u00fcnchen&#8220;.<br \/>\nHerr Beier m\u00f6chte mit einem komplett neuen Firmenkonzept durchstarten und den Laden mit einem frischen, modernen Look wieder neu aufleben lassen.<br \/>\nIm Jahr 2017 feiert die Firma \u201eVesparia M\u00fcnchen\u201c Neuer\u00f6ffnung und 60-j\u00e4hriges Jubil\u00e4um.<\/p>\n<h2 style=\"text-align: center;\"><strong>2024<br \/>\n<\/strong><\/h2>\n<p style=\"text-align: center;\">\n<p style=\"text-align: center;\">\n<\/div><\/section>\n<div class=\"flex_column av_one_full  flex_column_div av-zero-column-padding first  avia-builder-el-28  el_after_av_textblock  el_before_av_hr  column-top-margin\" style='border-radius:0px; '><div  class='avia-image-container  av-styling-    avia-builder-el-29  avia-builder-el-no-sibling  avia-align-center '  itemprop=\"image\" itemscope=\"itemscope\" itemtype=\"https:\/\/schema.org\/ImageObject\"  ><div class='avia-image-container-inner'><div class='avia-image-overlay-wrap'><img decoding=\"async\" class='wp-image-1120 avia-img-lazy-loading-not-1120 avia_image' src=\"https:\/\/vesparia-muenchen.de\/wp-content\/uploads\/LOGOInet-e1727691549951.png\" alt='' title='LOGOInet' height=\"777\" width=\"1822\"  itemprop=\"thumbnailUrl\" srcset=\"https:\/\/vesparia-muenchen.de\/wp-content\/uploads\/LOGOInet-e1727691549951.png 1822w, https:\/\/vesparia-muenchen.de\/wp-content\/uploads\/LOGOInet-e1727691549951-300x128.png 300w, https:\/\/vesparia-muenchen.de\/wp-content\/uploads\/LOGOInet-e1727691549951-1024x437.png 1024w, https:\/\/vesparia-muenchen.de\/wp-content\/uploads\/LOGOInet-e1727691549951-768x328.png 768w, https:\/\/vesparia-muenchen.de\/wp-content\/uploads\/LOGOInet-e1727691549951-1536x655.png 1536w, https:\/\/vesparia-muenchen.de\/wp-content\/uploads\/LOGOInet-e1727691549951-1500x640.png 1500w, https:\/\/vesparia-muenchen.de\/wp-content\/uploads\/LOGOInet-e1727691549951-705x301.png 705w\" sizes=\"(max-width: 1822px) 100vw, 1822px\" \/><\/div><\/div><\/div><\/div>\n<div   class='hr hr-default   avia-builder-el-30  el_after_av_one_full  avia-builder-el-last '><span class='hr-inner ' ><span class='hr-inner-style'><\/span><\/span><\/div>\n","protected":false},"excerpt":{"rendered":"","protected":false},"author":1,"featured_media":447,"parent":0,"menu_order":0,"comment_status":"closed","ping_status":"closed","template":"","meta":{"footnotes":""},"class_list":["post-27","page","type-page","status-publish","has-post-thumbnail","hentry"],"_links":{"self":[{"href":"https:\/\/vesparia-muenchen.de\/index.php?rest_route=\/wp\/v2\/pages\/27","targetHints":{"allow":["GET"]}}],"collection":[{"href":"https:\/\/vesparia-muenchen.de\/index.php?rest_route=\/wp\/v2\/pages"}],"about":[{"href":"https:\/\/vesparia-muenchen.de\/index.php?rest_route=\/wp\/v2\/types\/page"}],"author":[{"embeddable":true,"href":"https:\/\/vesparia-muenchen.de\/index.php?rest_route=\/wp\/v2\/users\/1"}],"replies":[{"embeddable":true,"href":"https:\/\/vesparia-muenchen.de\/index.php?rest_route=%2Fwp%2Fv2%2Fcomments&post=27"}],"version-history":[{"count":43,"href":"https:\/\/vesparia-muenchen.de\/index.php?rest_route=\/wp\/v2\/pages\/27\/revisions"}],"predecessor-version":[{"id":1402,"href":"https:\/\/vesparia-muenchen.de\/index.php?rest_route=\/wp\/v2\/pages\/27\/revisions\/1402"}],"wp:featuredmedia":[{"embeddable":true,"href":"https:\/\/vesparia-muenchen.de\/index.php?rest_route=\/wp\/v2\/media\/447"}],"wp:attachment":[{"href":"https:\/\/vesparia-muenchen.de\/index.php?rest_route=%2Fwp%2Fv2%2Fmedia&parent=27"}],"curies":[{"name":"wp","href":"https:\/\/api.w.org\/{rel}","templated":true}]}}