{"id":470,"date":"2017-04-24T13:06:19","date_gmt":"2017-04-24T13:06:19","guid":{"rendered":"https:\/\/vesparia-muenchen.de\/?page_id=470"},"modified":"2025-03-18T11:25:52","modified_gmt":"2025-03-18T11:25:52","slug":"news","status":"publish","type":"page","link":"https:\/\/vesparia-muenchen.de\/?page_id=470","title":{"rendered":"News"},"content":{"rendered":"<div class=\"flex_column av_one_full  flex_column_div av-zero-column-padding first  avia-builder-el-0  el_before_av_one_full  avia-builder-el-first  \" style='border-radius:0px; '><section class=\"av_textblock_section \"  itemscope=\"itemscope\" itemtype=\"https:\/\/schema.org\/CreativeWork\" ><div class='avia_textblock  '   itemprop=\"text\" ><h3 style=\"text-align: center;\">NEWS<\/h3>\n<h5 style=\"text-align: center;\">Immer auf dem aktuellsten Stand! Auf unserer &#8222;NEWS&#8220;- Seite findest Du alle wichtigen Neuigkeiten und Informationen.<\/h5>\n<\/div><\/section><\/div>\n<div class=\"flex_column av_one_full  flex_column_div av-zero-column-padding first  avia-builder-el-2  el_after_av_one_full  el_before_av_textblock  column-top-margin\" style='border-radius:0px; '><\/div><section class=\"av_textblock_section \"  itemscope=\"itemscope\" itemtype=\"https:\/\/schema.org\/CreativeWork\" ><div class='avia_textblock  '   itemprop=\"text\" ><p style=\"text-align: center;\">\n<p style=\"text-align: center;\">Wir sind seit 1. Januar 2025 kein offizieller Piaggio Partner mehr, k\u00fcmmern uns jedoch wie gewohnt weiterhin bestens um dein Motorrad oder Roller.<\/p>\n<p style=\"text-align: center;\">Wir f\u00fchren alle Wartungen und Reparaturen nach Herstellervorgaben mit h\u00f6chster Sorgfalt aus.<\/p>\n<p style=\"text-align: center;\">Bitte beachte jedoch, dass wir als unabh\u00e4ngiger Betrieb keine offizielle Piaggio-Garantie gew\u00e4hrleisten k\u00f6nnen. Ob unser Wartungsnachweis in einem Garantiefall anerkannt wird, entscheidet Piaggio selbst.<\/p>\n<p style=\"text-align: center;\">Bei Fragen oder f\u00fcr eine Beratung \u2013 melde dich gerne, wir freuen uns auf dich!<\/p>\n<p style=\"text-align: center;\">\n<\/div><\/section><\/p>\n<div class=\"flex_column av_one_full  flex_column_div av-zero-column-padding first  avia-builder-el-4  el_after_av_textblock  el_before_av_one_full  column-top-margin\" style='border-radius:0px; '><\/div>\n<div class=\"flex_column av_one_full  flex_column_div av-zero-column-padding first  avia-builder-el-5  el_after_av_one_full  el_before_av_one_full  column-top-margin\" style='border-radius:0px; '><div  class='avia-image-container  av-styling-    avia-builder-el-6  avia-builder-el-no-sibling  avia-align-center '  itemprop=\"image\" itemscope=\"itemscope\" itemtype=\"https:\/\/schema.org\/ImageObject\"  ><div class='avia-image-container-inner'><div class='avia-image-overlay-wrap'><img decoding=\"async\" class='wp-image-1190 avia-img-lazy-loading-not-1190 avia_image' src=\"https:\/\/vesparia-muenchen.de\/wp-content\/uploads\/Winterspecial1beierromotec.png\" alt='' title='Winterspecial1beierromotec' height=\"610\" width=\"879\"  itemprop=\"thumbnailUrl\" srcset=\"https:\/\/vesparia-muenchen.de\/wp-content\/uploads\/Winterspecial1beierromotec.png 879w, https:\/\/vesparia-muenchen.de\/wp-content\/uploads\/Winterspecial1beierromotec-300x208.png 300w, https:\/\/vesparia-muenchen.de\/wp-content\/uploads\/Winterspecial1beierromotec-768x533.png 768w, https:\/\/vesparia-muenchen.de\/wp-content\/uploads\/Winterspecial1beierromotec-705x489.png 705w\" sizes=\"(max-width: 879px) 100vw, 879px\" \/><\/div><\/div><\/div><\/div>\n<div class=\"flex_column av_one_full  flex_column_div av-zero-column-padding first  avia-builder-el-7  el_after_av_one_full  el_before_av_image  column-top-margin\" style='border-radius:0px; '><\/div>\n<div  class='avia-image-container  av-styling-    avia-builder-el-8  el_after_av_one_full  el_before_av_one_full  avia-align-center '  itemprop=\"image\" itemscope=\"itemscope\" itemtype=\"https:\/\/schema.org\/ImageObject\"  ><div class='avia-image-container-inner'><div class='avia-image-overlay-wrap'><img decoding=\"async\" class='wp-image-1185 avia-img-lazy-loading-not-1185 avia_image' src=\"https:\/\/vesparia-muenchen.de\/wp-content\/uploads\/WinterspecialBeierROMOTEC.png\" alt='' title='WinterspecialBeierROMOTEC' height=\"607\" width=\"877\"  itemprop=\"thumbnailUrl\" srcset=\"https:\/\/vesparia-muenchen.de\/wp-content\/uploads\/WinterspecialBeierROMOTEC.png 877w, https:\/\/vesparia-muenchen.de\/wp-content\/uploads\/WinterspecialBeierROMOTEC-300x208.png 300w, https:\/\/vesparia-muenchen.de\/wp-content\/uploads\/WinterspecialBeierROMOTEC-768x532.png 768w, https:\/\/vesparia-muenchen.de\/wp-content\/uploads\/WinterspecialBeierROMOTEC-705x488.png 705w\" sizes=\"(max-width: 877px) 100vw, 877px\" \/><\/div><\/div><\/div>\n<div class=\"flex_column av_one_full  flex_column_div av-zero-column-padding first  avia-builder-el-9  el_after_av_image  el_before_av_one_full  \" style='border-radius:0px; '><\/div>\n<div class=\"flex_column av_one_full  flex_column_div av-zero-column-padding first  avia-builder-el-10  el_after_av_one_full  el_before_av_image  column-top-margin\" style='border-radius:0px; '><\/div>\n<div  class='avia-image-container  av-styling-    avia-builder-el-11  el_after_av_one_full  el_before_av_one_full  avia-align-center '  itemprop=\"image\" itemscope=\"itemscope\" itemtype=\"https:\/\/schema.org\/ImageObject\"  ><div class='avia-image-container-inner'><div class='avia-image-overlay-wrap'><img decoding=\"async\" class='wp-image-1171 avia-img-lazy-loading-not-1171 avia_image' src=\"https:\/\/vesparia-muenchen.de\/wp-content\/uploads\/Bildpopup1.png\" alt='' title='Bildpopup1' height=\"495\" width=\"692\"  itemprop=\"thumbnailUrl\" srcset=\"https:\/\/vesparia-muenchen.de\/wp-content\/uploads\/Bildpopup1.png 692w, https:\/\/vesparia-muenchen.de\/wp-content\/uploads\/Bildpopup1-300x215.png 300w, https:\/\/vesparia-muenchen.de\/wp-content\/uploads\/Bildpopup1-260x185.png 260w\" sizes=\"(max-width: 692px) 100vw, 692px\" \/><\/div><\/div><\/div>\n<div class=\"flex_column av_one_full  flex_column_div av-zero-column-padding first  avia-builder-el-12  el_after_av_image  avia-builder-el-last  \" style='border-radius:0px; '><\/div>\n","protected":false},"excerpt":{"rendered":"","protected":false},"author":1,"featured_media":0,"parent":0,"menu_order":0,"comment_status":"closed","ping_status":"closed","template":"","meta":{"footnotes":""},"class_list":["post-470","page","type-page","status-publish","hentry"],"_links":{"self":[{"href":"https:\/\/vesparia-muenchen.de\/index.php?rest_route=\/wp\/v2\/pages\/470","targetHints":{"allow":["GET"]}}],"collection":[{"href":"https:\/\/vesparia-muenchen.de\/index.php?rest_route=\/wp\/v2\/pages"}],"about":[{"href":"https:\/\/vesparia-muenchen.de\/index.php?rest_route=\/wp\/v2\/types\/page"}],"author":[{"embeddable":true,"href":"https:\/\/vesparia-muenchen.de\/index.php?rest_route=\/wp\/v2\/users\/1"}],"replies":[{"embeddable":true,"href":"https:\/\/vesparia-muenchen.de\/index.php?rest_route=%2Fwp%2Fv2%2Fcomments&post=470"}],"version-history":[{"count":30,"href":"https:\/\/vesparia-muenchen.de\/index.php?rest_route=\/wp\/v2\/pages\/470\/revisions"}],"predecessor-version":[{"id":1447,"href":"https:\/\/vesparia-muenchen.de\/index.php?rest_route=\/wp\/v2\/pages\/470\/revisions\/1447"}],"wp:attachment":[{"href":"https:\/\/vesparia-muenchen.de\/index.php?rest_route=%2Fwp%2Fv2%2Fmedia&parent=470"}],"curies":[{"name":"wp","href":"https:\/\/api.w.org\/{rel}","templated":true}]}}